{"id":3537,"date":"2022-10-17T19:33:40","date_gmt":"2022-10-17T22:33:40","guid":{"rendered":"https:\/\/inoutstudio.com.br\/?page_id=3537"},"modified":"2022-10-17T19:37:23","modified_gmt":"2022-10-17T22:37:23","slug":"casamento-barbara-e-thiago","status":"publish","type":"page","link":"https:\/\/inoutstudio.com.br\/index.php\/casamento-barbara-e-thiago\/","title":{"rendered":"Casamento: B\u00e1rbara e Thiago"},"content":{"rendered":"\n<p>No dia 10\/09\/2022 foi realizado o Casamento da B\u00e1rbara e Thiago em Taubat\u00e9, interior do Estado de S\u00e3o Paulo.<\/p>\n\n\n\n<p>Abaixo, veja o clipe do casamento e a galeria de fotos.<\/p>\n\n\n\n<figure class=\"wp-block-embed is-type-video is-provider-youtube wp-block-embed-youtube wp-embed-aspect-16-9 wp-has-aspect-ratio\"><div class=\"wp-block-embed__wrapper\">\n<iframe title=\"Casamento B\u00e1rbara &amp; Thiago\" width=\"800\" height=\"450\" src=\"https:\/\/www.youtube.com\/embed\/JCuaJp82IeQ?feature=oembed\" frameborder=\"0\" allow=\"accelerometer; autoplay; clipboard-write; encrypted-media; gyroscope; picture-in-picture\" allowfullscreen><\/iframe>\n<\/div><\/figure>\n\n\n\n","protected":false},"excerpt":{"rendered":"<p>No dia 10\/09\/2022 foi realizado o Casamento da B\u00e1rbara e Thiago em Taubat\u00e9, interior do Estado de S\u00e3o Paulo. Abaixo,<\/p>\n","protected":false},"author":1,"featured_media":2287,"parent":0,"menu_order":0,"comment_status":"closed","ping_status":"closed","template":"page-templates\/page-builder.php","meta":{"colormag_page_layout":"default_layout","footnotes":""},"class_list":["post-3537","page","type-page","status-publish","has-post-thumbnail","hentry"],"yoast_head":"<!-- This site is optimized with the Yoast SEO plugin v26.5 - https:\/\/yoast.com\/wordpress\/plugins\/seo\/ -->\n<title>Casamento: B\u00e1rbara e Thiago - InOutStudio<\/title>\n<meta name=\"robots\" content=\"index, follow, max-snippet:-1, max-image-preview:large, max-video-preview:-1\" \/>\n<link rel=\"canonical\" href=\"https:\/\/inoutstudio.com.br\/index.php\/casamento-barbara-e-thiago\/\" \/>\n<meta property=\"og:locale\" content=\"pt_BR\" \/>\n<meta property=\"og:type\" content=\"article\" \/>\n<meta property=\"og:title\" content=\"Casamento: B\u00e1rbara e Thiago - InOutStudio\" \/>\n<meta property=\"og:description\" content=\"No dia 10\/09\/2022 foi realizado o Casamento da B\u00e1rbara e Thiago em Taubat\u00e9, interior do Estado de S\u00e3o Paulo. Abaixo,\" \/>\n<meta property=\"og:url\" content=\"https:\/\/inoutstudio.com.br\/index.php\/casamento-barbara-e-thiago\/\" \/>\n<meta property=\"og:site_name\" content=\"InOutStudio\" \/>\n<meta property=\"article:modified_time\" content=\"2022-10-17T22:37:23+00:00\" \/>\n<meta property=\"og:image\" content=\"https:\/\/inoutstudio.com.br\/wp-content\/uploads\/2022\/09\/2.jpg\" \/>\n\t<meta property=\"og:image:width\" content=\"2052\" \/>\n\t<meta property=\"og:image:height\" content=\"1080\" \/>\n\t<meta property=\"og:image:type\" content=\"image\/jpeg\" \/>\n<meta name=\"twitter:card\" content=\"summary_large_image\" \/>\n<script type=\"application\/ld+json\" class=\"yoast-schema-graph\">{\"@context\":\"https:\/\/schema.org\",\"@graph\":[{\"@type\":\"WebPage\",\"@id\":\"https:\/\/inoutstudio.com.br\/index.php\/casamento-barbara-e-thiago\/\",\"url\":\"https:\/\/inoutstudio.com.br\/index.php\/casamento-barbara-e-thiago\/\",\"name\":\"Casamento: B\u00e1rbara e Thiago - InOutStudio\",\"isPartOf\":{\"@id\":\"https:\/\/inoutstudio.com.br\/#website\"},\"primaryImageOfPage\":{\"@id\":\"https:\/\/inoutstudio.com.br\/index.php\/casamento-barbara-e-thiago\/#primaryimage\"},\"image\":{\"@id\":\"https:\/\/inoutstudio.com.br\/index.php\/casamento-barbara-e-thiago\/#primaryimage\"},\"thumbnailUrl\":\"https:\/\/inoutstudio.com.br\/wp-content\/uploads\/2022\/09\/2.jpg\",\"datePublished\":\"2022-10-17T22:33:40+00:00\",\"dateModified\":\"2022-10-17T22:37:23+00:00\",\"breadcrumb\":{\"@id\":\"https:\/\/inoutstudio.com.br\/index.php\/casamento-barbara-e-thiago\/#breadcrumb\"},\"inLanguage\":\"pt-BR\",\"potentialAction\":[{\"@type\":\"ReadAction\",\"target\":[\"https:\/\/inoutstudio.com.br\/index.php\/casamento-barbara-e-thiago\/\"]}]},{\"@type\":\"ImageObject\",\"inLanguage\":\"pt-BR\",\"@id\":\"https:\/\/inoutstudio.com.br\/index.php\/casamento-barbara-e-thiago\/#primaryimage\",\"url\":\"https:\/\/inoutstudio.com.br\/wp-content\/uploads\/2022\/09\/2.jpg\",\"contentUrl\":\"https:\/\/inoutstudio.com.br\/wp-content\/uploads\/2022\/09\/2.jpg\",\"width\":2052,\"height\":1080},{\"@type\":\"BreadcrumbList\",\"@id\":\"https:\/\/inoutstudio.com.br\/index.php\/casamento-barbara-e-thiago\/#breadcrumb\",\"itemListElement\":[{\"@type\":\"ListItem\",\"position\":1,\"name\":\"In\u00edcio\",\"item\":\"https:\/\/inoutstudio.com.br\/\"},{\"@type\":\"ListItem\",\"position\":2,\"name\":\"Casamento: B\u00e1rbara e Thiago\"}]},{\"@type\":\"WebSite\",\"@id\":\"https:\/\/inoutstudio.com.br\/#website\",\"url\":\"https:\/\/inoutstudio.com.br\/\",\"name\":\"InOutStudio\",\"description\":\"Fotos e Filmagens\",\"publisher\":{\"@id\":\"https:\/\/inoutstudio.com.br\/#organization\"},\"potentialAction\":[{\"@type\":\"SearchAction\",\"target\":{\"@type\":\"EntryPoint\",\"urlTemplate\":\"https:\/\/inoutstudio.com.br\/?s={search_term_string}\"},\"query-input\":{\"@type\":\"PropertyValueSpecification\",\"valueRequired\":true,\"valueName\":\"search_term_string\"}}],\"inLanguage\":\"pt-BR\"},{\"@type\":\"Organization\",\"@id\":\"https:\/\/inoutstudio.com.br\/#organization\",\"name\":\"InOutStudio\",\"url\":\"https:\/\/inoutstudio.com.br\/\",\"logo\":{\"@type\":\"ImageObject\",\"inLanguage\":\"pt-BR\",\"@id\":\"https:\/\/inoutstudio.com.br\/#\/schema\/logo\/image\/\",\"url\":\"https:\/\/inoutstudio.com.br\/wp-content\/uploads\/2022\/09\/cropped-logo_InoutStudio2022.png\",\"contentUrl\":\"https:\/\/inoutstudio.com.br\/wp-content\/uploads\/2022\/09\/cropped-logo_InoutStudio2022.png\",\"width\":253,\"height\":90,\"caption\":\"InOutStudio\"},\"image\":{\"@id\":\"https:\/\/inoutstudio.com.br\/#\/schema\/logo\/image\/\"}}]}<\/script>\n<!-- \/ Yoast SEO plugin. -->","yoast_head_json":{"title":"Casamento: B\u00e1rbara e Thiago - InOutStudio","robots":{"index":"index","follow":"follow","max-snippet":"max-snippet:-1","max-image-preview":"max-image-preview:large","max-video-preview":"max-video-preview:-1"},"canonical":"https:\/\/inoutstudio.com.br\/index.php\/casamento-barbara-e-thiago\/","og_locale":"pt_BR","og_type":"article","og_title":"Casamento: B\u00e1rbara e Thiago - InOutStudio","og_description":"No dia 10\/09\/2022 foi realizado o Casamento da B\u00e1rbara e Thiago em Taubat\u00e9, interior do Estado de S\u00e3o Paulo. Abaixo,","og_url":"https:\/\/inoutstudio.com.br\/index.php\/casamento-barbara-e-thiago\/","og_site_name":"InOutStudio","article_modified_time":"2022-10-17T22:37:23+00:00","og_image":[{"width":2052,"height":1080,"url":"https:\/\/inoutstudio.com.br\/wp-content\/uploads\/2022\/09\/2.jpg","type":"image\/jpeg"}],"twitter_card":"summary_large_image","schema":{"@context":"https:\/\/schema.org","@graph":[{"@type":"WebPage","@id":"https:\/\/inoutstudio.com.br\/index.php\/casamento-barbara-e-thiago\/","url":"https:\/\/inoutstudio.com.br\/index.php\/casamento-barbara-e-thiago\/","name":"Casamento: B\u00e1rbara e Thiago - InOutStudio","isPartOf":{"@id":"https:\/\/inoutstudio.com.br\/#website"},"primaryImageOfPage":{"@id":"https:\/\/inoutstudio.com.br\/index.php\/casamento-barbara-e-thiago\/#primaryimage"},"image":{"@id":"https:\/\/inoutstudio.com.br\/index.php\/casamento-barbara-e-thiago\/#primaryimage"},"thumbnailUrl":"https:\/\/inoutstudio.com.br\/wp-content\/uploads\/2022\/09\/2.jpg","datePublished":"2022-10-17T22:33:40+00:00","dateModified":"2022-10-17T22:37:23+00:00","breadcrumb":{"@id":"https:\/\/inoutstudio.com.br\/index.php\/casamento-barbara-e-thiago\/#breadcrumb"},"inLanguage":"pt-BR","potentialAction":[{"@type":"ReadAction","target":["https:\/\/inoutstudio.com.br\/index.php\/casamento-barbara-e-thiago\/"]}]},{"@type":"ImageObject","inLanguage":"pt-BR","@id":"https:\/\/inoutstudio.com.br\/index.php\/casamento-barbara-e-thiago\/#primaryimage","url":"https:\/\/inoutstudio.com.br\/wp-content\/uploads\/2022\/09\/2.jpg","contentUrl":"https:\/\/inoutstudio.com.br\/wp-content\/uploads\/2022\/09\/2.jpg","width":2052,"height":1080},{"@type":"BreadcrumbList","@id":"https:\/\/inoutstudio.com.br\/index.php\/casamento-barbara-e-thiago\/#breadcrumb","itemListElement":[{"@type":"ListItem","position":1,"name":"In\u00edcio","item":"https:\/\/inoutstudio.com.br\/"},{"@type":"ListItem","position":2,"name":"Casamento: B\u00e1rbara e Thiago"}]},{"@type":"WebSite","@id":"https:\/\/inoutstudio.com.br\/#website","url":"https:\/\/inoutstudio.com.br\/","name":"InOutStudio","description":"Fotos e Filmagens","publisher":{"@id":"https:\/\/inoutstudio.com.br\/#organization"},"potentialAction":[{"@type":"SearchAction","target":{"@type":"EntryPoint","urlTemplate":"https:\/\/inoutstudio.com.br\/?s={search_term_string}"},"query-input":{"@type":"PropertyValueSpecification","valueRequired":true,"valueName":"search_term_string"}}],"inLanguage":"pt-BR"},{"@type":"Organization","@id":"https:\/\/inoutstudio.com.br\/#organization","name":"InOutStudio","url":"https:\/\/inoutstudio.com.br\/","logo":{"@type":"ImageObject","inLanguage":"pt-BR","@id":"https:\/\/inoutstudio.com.br\/#\/schema\/logo\/image\/","url":"https:\/\/inoutstudio.com.br\/wp-content\/uploads\/2022\/09\/cropped-logo_InoutStudio2022.png","contentUrl":"https:\/\/inoutstudio.com.br\/wp-content\/uploads\/2022\/09\/cropped-logo_InoutStudio2022.png","width":253,"height":90,"caption":"InOutStudio"},"image":{"@id":"https:\/\/inoutstudio.com.br\/#\/schema\/logo\/image\/"}}]}},"_links":{"self":[{"href":"https:\/\/inoutstudio.com.br\/index.php\/wp-json\/wp\/v2\/pages\/3537","targetHints":{"allow":["GET"]}}],"collection":[{"href":"https:\/\/inoutstudio.com.br\/index.php\/wp-json\/wp\/v2\/pages"}],"about":[{"href":"https:\/\/inoutstudio.com.br\/index.php\/wp-json\/wp\/v2\/types\/page"}],"author":[{"embeddable":true,"href":"https:\/\/inoutstudio.com.br\/index.php\/wp-json\/wp\/v2\/users\/1"}],"replies":[{"embeddable":true,"href":"https:\/\/inoutstudio.com.br\/index.php\/wp-json\/wp\/v2\/comments?post=3537"}],"version-history":[{"count":2,"href":"https:\/\/inoutstudio.com.br\/index.php\/wp-json\/wp\/v2\/pages\/3537\/revisions"}],"predecessor-version":[{"id":3541,"href":"https:\/\/inoutstudio.com.br\/index.php\/wp-json\/wp\/v2\/pages\/3537\/revisions\/3541"}],"wp:featuredmedia":[{"embeddable":true,"href":"https:\/\/inoutstudio.com.br\/index.php\/wp-json\/wp\/v2\/media\/2287"}],"wp:attachment":[{"href":"https:\/\/inoutstudio.com.br\/index.php\/wp-json\/wp\/v2\/media?parent=3537"}],"curies":[{"name":"wp","href":"https:\/\/api.w.org\/{rel}","templated":true}]}}